{"id":7943,"date":"2024-08-31T10:25:36","date_gmt":"2024-08-31T10:25:36","guid":{"rendered":"https:\/\/diamond-aesthetics.de\/about-us\/"},"modified":"2024-12-16T15:51:25","modified_gmt":"2024-12-16T15:51:25","slug":"about-us","status":"publish","type":"page","link":"https:\/\/diamond-aesthetics.de\/en\/about-us\/","title":{"rendered":"ABOUT US"},"content":{"rendered":"\t\t<div data-elementor-type=\"wp-page\" data-elementor-id=\"7943\" class=\"elementor elementor-7943 elementor-535\" data-elementor-post-type=\"page\">\n\t\t\t\t\t\t<section class=\"elementor-section elementor-top-section elementor-element elementor-element-93c498c home-hero elementor-section-boxed elementor-section-height-default elementor-section-height-default\" data-id=\"93c498c\" data-element_type=\"section\" data-settings=\"{&quot;background_background&quot;:&quot;classic&quot;}\">\n\t\t\t\t\t\t<div class=\"elementor-container elementor-column-gap-default\">\n\t\t\t\t\t<div class=\"elementor-column elementor-col-100 elementor-top-column elementor-element elementor-element-35fa740\" data-id=\"35fa740\" data-element_type=\"column\">\n\t\t\t<div class=\"elementor-widget-wrap elementor-element-populated\">\n\t\t\t\t\t\t<section class=\"elementor-section elementor-inner-section elementor-element elementor-element-15f5496 elementor-section-content-middle elementor-section-boxed elementor-section-height-default elementor-section-height-default\" data-id=\"15f5496\" data-element_type=\"section\">\n\t\t\t\t\t\t<div class=\"elementor-container elementor-column-gap-default\">\n\t\t\t\t\t<div class=\"elementor-column elementor-col-100 elementor-inner-column elementor-element elementor-element-5e37cad\" data-id=\"5e37cad\" data-element_type=\"column\">\n\t\t\t<div class=\"elementor-widget-wrap elementor-element-populated\">\n\t\t\t\t\t\t<div class=\"elementor-element elementor-element-ade03ec elementor-widget__width-initial elementor-widget elementor-widget-heading\" data-id=\"ade03ec\" data-element_type=\"widget\" data-widget_type=\"heading.default\">\n\t\t\t\t<div class=\"elementor-widget-container\">\n\t\t\t<style>\/*! elementor - v3.23.0 - 25-07-2024 *\/\n.elementor-heading-title{padding:0;margin:0;line-height:1}.elementor-widget-heading .elementor-heading-title[class*=elementor-size-]>a{color:inherit;font-size:inherit;line-height:inherit}.elementor-widget-heading .elementor-heading-title.elementor-size-small{font-size:15px}.elementor-widget-heading .elementor-heading-title.elementor-size-medium{font-size:19px}.elementor-widget-heading .elementor-heading-title.elementor-size-large{font-size:29px}.elementor-widget-heading .elementor-heading-title.elementor-size-xl{font-size:39px}.elementor-widget-heading .elementor-heading-title.elementor-size-xxl{font-size:59px}<\/style><h1 class=\"elementor-heading-title elementor-size-default\">Our beauty clinic<\/h1>\t\t<\/div>\n\t\t\t\t<\/div>\n\t\t\t\t<div class=\"elementor-element elementor-element-25aa08e elementor-widget elementor-widget-heading\" data-id=\"25aa08e\" data-element_type=\"widget\" data-widget_type=\"heading.default\">\n\t\t\t\t<div class=\"elementor-widget-container\">\n\t\t\t<h2 class=\"elementor-heading-title elementor-size-default\">Diamond-Aesthetics Clinic D\u00fcsseldorf<\/h2>\t\t<\/div>\n\t\t\t\t<\/div>\n\t\t\t\t\t<\/div>\n\t\t<\/div>\n\t\t\t\t\t<\/div>\n\t\t<\/section>\n\t\t\t\t\t<\/div>\n\t\t<\/div>\n\t\t\t\t\t<\/div>\n\t\t<\/section>\n\t\t\t\t<section class=\"elementor-section elementor-top-section elementor-element elementor-element-123e0b7 elementor-section-full_width home-1 elementor-section-height-default elementor-section-height-default\" data-id=\"123e0b7\" data-element_type=\"section\">\n\t\t\t\t\t\t<div class=\"elementor-container elementor-column-gap-default\">\n\t\t\t\t\t<div class=\"elementor-column elementor-col-100 elementor-top-column elementor-element elementor-element-8572966\" data-id=\"8572966\" data-element_type=\"column\">\n\t\t\t<div class=\"elementor-widget-wrap elementor-element-populated\">\n\t\t\t\t\t\t<div class=\"elementor-element elementor-element-b1f7a44 elementor-widget elementor-widget-image\" data-id=\"b1f7a44\" data-element_type=\"widget\" data-widget_type=\"image.default\">\n\t\t\t\t<div class=\"elementor-widget-container\">\n\t\t\t<style>\/*! elementor - v3.23.0 - 25-07-2024 *\/\n.elementor-widget-image{text-align:center}.elementor-widget-image a{display:inline-block}.elementor-widget-image a img[src$=\".svg\"]{width:48px}.elementor-widget-image img{vertical-align:middle;display:inline-block}<\/style>\t\t\t\t\t\t\t\t\t\t<img fetchpriority=\"high\" decoding=\"async\" width=\"3840\" height=\"828\" src=\"https:\/\/diamond-aesthetics.de\/wp-content\/uploads\/2024\/08\/Vector-below-hero-sub-page.png\" class=\"attachment-full size-full wp-image-7666\" alt=\"Schwarze Linie oben auf wei\u00dfem Hintergrund\" srcset=\"https:\/\/diamond-aesthetics.de\/wp-content\/uploads\/2024\/08\/Vector-below-hero-sub-page.png 3840w, https:\/\/diamond-aesthetics.de\/wp-content\/uploads\/2024\/08\/Vector-below-hero-sub-page-300x65.png 300w, https:\/\/diamond-aesthetics.de\/wp-content\/uploads\/2024\/08\/Vector-below-hero-sub-page-1024x221.png 1024w, https:\/\/diamond-aesthetics.de\/wp-content\/uploads\/2024\/08\/Vector-below-hero-sub-page-768x166.png 768w, https:\/\/diamond-aesthetics.de\/wp-content\/uploads\/2024\/08\/Vector-below-hero-sub-page-1536x331.png 1536w, https:\/\/diamond-aesthetics.de\/wp-content\/uploads\/2024\/08\/Vector-below-hero-sub-page-2048x442.png 2048w\" sizes=\"(max-width: 3840px) 100vw, 3840px\" \/>\t\t\t\t\t\t\t\t\t\t\t\t\t<\/div>\n\t\t\t\t<\/div>\n\t\t\t\t\t<\/div>\n\t\t<\/div>\n\t\t\t\t\t<\/div>\n\t\t<\/section>\n\t\t<div class=\"elementor-element elementor-element-736f440 e-flex e-con-boxed e-con e-parent\" data-id=\"736f440\" data-element_type=\"container\">\n\t\t\t\t\t<div class=\"e-con-inner\">\n\t\t\t\t<div class=\"elementor-element elementor-element-0794dfe elementor-widget elementor-widget-image-gallery\" data-id=\"0794dfe\" data-element_type=\"widget\" data-widget_type=\"image-gallery.default\">\n\t\t\t\t<div class=\"elementor-widget-container\">\n\t\t\t<style>.elementor-image-gallery .gallery-item{display:inline-block;text-align:center;vertical-align:top;width:100%;max-width:100%;margin:0 auto}.elementor-image-gallery .gallery-item img{margin:0 auto}.elementor-image-gallery .gallery-item .gallery-caption{margin:0}.elementor-image-gallery figure img{display:block}.elementor-image-gallery figure figcaption{width:100%}.gallery-spacing-custom .elementor-image-gallery .gallery-icon{padding:0}@media (min-width:801px){.elementor-image-gallery .gallery-columns-2 .gallery-item{max-width:50%}.elementor-image-gallery .gallery-columns-3 .gallery-item{max-width:33.33%}.elementor-image-gallery .gallery-columns-4 .gallery-item{max-width:25%}.elementor-image-gallery .gallery-columns-5 .gallery-item{max-width:20%}.elementor-image-gallery .gallery-columns-6 .gallery-item{max-width:16.666%}.elementor-image-gallery .gallery-columns-7 .gallery-item{max-width:14.28%}.elementor-image-gallery .gallery-columns-8 .gallery-item{max-width:12.5%}.elementor-image-gallery .gallery-columns-9 .gallery-item{max-width:11.11%}.elementor-image-gallery .gallery-columns-10 .gallery-item{max-width:10%}}@media (min-width:480px) and (max-width:800px){.elementor-image-gallery .gallery.gallery-columns-2 .gallery-item,.elementor-image-gallery .gallery.gallery-columns-3 .gallery-item,.elementor-image-gallery .gallery.gallery-columns-4 .gallery-item,.elementor-image-gallery .gallery.gallery-columns-5 .gallery-item,.elementor-image-gallery .gallery.gallery-columns-6 .gallery-item,.elementor-image-gallery .gallery.gallery-columns-7 .gallery-item,.elementor-image-gallery .gallery.gallery-columns-8 .gallery-item,.elementor-image-gallery .gallery.gallery-columns-9 .gallery-item,.elementor-image-gallery .gallery.gallery-columns-10 .gallery-item{max-width:50%}}@media (max-width:479px){.elementor-image-gallery .gallery.gallery-columns-2 .gallery-item,.elementor-image-gallery .gallery.gallery-columns-3 .gallery-item,.elementor-image-gallery .gallery.gallery-columns-4 .gallery-item,.elementor-image-gallery .gallery.gallery-columns-5 .gallery-item,.elementor-image-gallery .gallery.gallery-columns-6 .gallery-item,.elementor-image-gallery .gallery.gallery-columns-7 .gallery-item,.elementor-image-gallery .gallery.gallery-columns-8 .gallery-item,.elementor-image-gallery .gallery.gallery-columns-9 .gallery-item,.elementor-image-gallery .gallery.gallery-columns-10 .gallery-item{max-width:100%}}<\/style>\t\t<div class=\"elementor-image-gallery\">\n\t\t\t<div id='gallery-1' class='gallery galleryid-7943 gallery-columns-4 gallery-size-large'><figure class='gallery-item'>\n\t\t\t<div class='gallery-icon landscape'>\n\t\t\t\t<a data-elementor-open-lightbox=\"yes\" data-elementor-lightbox-slideshow=\"0794dfe\" data-elementor-lightbox-title=\"_DSC8867-HDR-Bearbeitet\" data-e-action-hash=\"#elementor-action%3Aaction%3Dlightbox%26settings%3DeyJpZCI6NzkwNywidXJsIjoiaHR0cHM6XC9cL2RpYW1vbmQtYWVzdGhldGljcy5kZVwvd3AtY29udGVudFwvdXBsb2Fkc1wvMjAyNFwvMDlcL0RTQzg4NjctSERSLUJlYXJiZWl0ZXQtc2NhbGVkLmpwZyIsInNsaWRlc2hvdyI6IjA3OTRkZmUifQ%3D%3D\" href='https:\/\/diamond-aesthetics.de\/wp-content\/uploads\/2024\/09\/DSC8867-HDR-Bearbeitet-scaled.jpg'><img decoding=\"async\" width=\"800\" height=\"534\" src=\"https:\/\/diamond-aesthetics.de\/wp-content\/uploads\/2024\/09\/DSC8867-HDR-Bearbeitet-1024x683.jpg\" class=\"attachment-large size-large\" alt=\"Moderner Behandlungsraum mit Arzt und Untersuchungsliege\" srcset=\"https:\/\/diamond-aesthetics.de\/wp-content\/uploads\/2024\/09\/DSC8867-HDR-Bearbeitet-1024x683.jpg 1024w, https:\/\/diamond-aesthetics.de\/wp-content\/uploads\/2024\/09\/DSC8867-HDR-Bearbeitet-300x200.jpg 300w, https:\/\/diamond-aesthetics.de\/wp-content\/uploads\/2024\/09\/DSC8867-HDR-Bearbeitet-768x512.jpg 768w, https:\/\/diamond-aesthetics.de\/wp-content\/uploads\/2024\/09\/DSC8867-HDR-Bearbeitet-1536x1024.jpg 1536w, https:\/\/diamond-aesthetics.de\/wp-content\/uploads\/2024\/09\/DSC8867-HDR-Bearbeitet-2048x1365.jpg 2048w\" sizes=\"(max-width: 800px) 100vw, 800px\" \/><\/a>\n\t\t\t<\/div><\/figure><figure class='gallery-item'>\n\t\t\t<div class='gallery-icon landscape'>\n\t\t\t\t<a data-elementor-open-lightbox=\"yes\" data-elementor-lightbox-slideshow=\"0794dfe\" data-elementor-lightbox-title=\"_DSC8848\" data-e-action-hash=\"#elementor-action%3Aaction%3Dlightbox%26settings%3DeyJpZCI6NzkwOCwidXJsIjoiaHR0cHM6XC9cL2RpYW1vbmQtYWVzdGhldGljcy5kZVwvd3AtY29udGVudFwvdXBsb2Fkc1wvMjAyNFwvMDlcL0RTQzg4NDgtc2NhbGVkLmpwZyIsInNsaWRlc2hvdyI6IjA3OTRkZmUifQ%3D%3D\" href='https:\/\/diamond-aesthetics.de\/wp-content\/uploads\/2024\/09\/DSC8848-scaled.jpg'><img decoding=\"async\" width=\"800\" height=\"534\" src=\"https:\/\/diamond-aesthetics.de\/wp-content\/uploads\/2024\/09\/DSC8848-1024x683.jpg\" class=\"attachment-large size-large\" alt=\"Mann mit Bart und wei\u00dfer Arztjacke l\u00e4chelt in moderner Praxis\" srcset=\"https:\/\/diamond-aesthetics.de\/wp-content\/uploads\/2024\/09\/DSC8848-1024x683.jpg 1024w, https:\/\/diamond-aesthetics.de\/wp-content\/uploads\/2024\/09\/DSC8848-300x200.jpg 300w, https:\/\/diamond-aesthetics.de\/wp-content\/uploads\/2024\/09\/DSC8848-768x512.jpg 768w, https:\/\/diamond-aesthetics.de\/wp-content\/uploads\/2024\/09\/DSC8848-1536x1024.jpg 1536w, https:\/\/diamond-aesthetics.de\/wp-content\/uploads\/2024\/09\/DSC8848-2048x1365.jpg 2048w\" sizes=\"(max-width: 800px) 100vw, 800px\" \/><\/a>\n\t\t\t<\/div><\/figure><figure class='gallery-item'>\n\t\t\t<div class='gallery-icon landscape'>\n\t\t\t\t<a data-elementor-open-lightbox=\"yes\" data-elementor-lightbox-slideshow=\"0794dfe\" data-elementor-lightbox-title=\"_DSC8939\" data-e-action-hash=\"#elementor-action%3Aaction%3Dlightbox%26settings%3DeyJpZCI6NzkwOSwidXJsIjoiaHR0cHM6XC9cL2RpYW1vbmQtYWVzdGhldGljcy5kZVwvd3AtY29udGVudFwvdXBsb2Fkc1wvMjAyNFwvMDlcL0RTQzg5Mzktc2NhbGVkLmpwZyIsInNsaWRlc2hvdyI6IjA3OTRkZmUifQ%3D%3D\" href='https:\/\/diamond-aesthetics.de\/wp-content\/uploads\/2024\/09\/DSC8939-scaled.jpg'><img loading=\"lazy\" decoding=\"async\" width=\"800\" height=\"534\" src=\"https:\/\/diamond-aesthetics.de\/wp-content\/uploads\/2024\/09\/DSC8939-1024x683.jpg\" class=\"attachment-large size-large\" alt=\"Frau betrachtet Gesicht im Spiegel, Arzt beobachtet sie am Tisch\" srcset=\"https:\/\/diamond-aesthetics.de\/wp-content\/uploads\/2024\/09\/DSC8939-1024x683.jpg 1024w, https:\/\/diamond-aesthetics.de\/wp-content\/uploads\/2024\/09\/DSC8939-300x200.jpg 300w, https:\/\/diamond-aesthetics.de\/wp-content\/uploads\/2024\/09\/DSC8939-768x512.jpg 768w, https:\/\/diamond-aesthetics.de\/wp-content\/uploads\/2024\/09\/DSC8939-1536x1024.jpg 1536w, https:\/\/diamond-aesthetics.de\/wp-content\/uploads\/2024\/09\/DSC8939-2048x1365.jpg 2048w\" sizes=\"(max-width: 800px) 100vw, 800px\" \/><\/a>\n\t\t\t<\/div><\/figure><figure class='gallery-item'>\n\t\t\t<div class='gallery-icon landscape'>\n\t\t\t\t<a data-elementor-open-lightbox=\"yes\" data-elementor-lightbox-slideshow=\"0794dfe\" data-elementor-lightbox-title=\"_DSC9073\" data-e-action-hash=\"#elementor-action%3Aaction%3Dlightbox%26settings%3DeyJpZCI6NzkxMCwidXJsIjoiaHR0cHM6XC9cL2RpYW1vbmQtYWVzdGhldGljcy5kZVwvd3AtY29udGVudFwvdXBsb2Fkc1wvMjAyNFwvMDlcL0RTQzkwNzMtc2NhbGVkLmpwZyIsInNsaWRlc2hvdyI6IjA3OTRkZmUifQ%3D%3D\" href='https:\/\/diamond-aesthetics.de\/wp-content\/uploads\/2024\/09\/DSC9073-scaled.jpg'><img loading=\"lazy\" decoding=\"async\" width=\"800\" height=\"534\" src=\"https:\/\/diamond-aesthetics.de\/wp-content\/uploads\/2024\/09\/DSC9073-1024x683.jpg\" class=\"attachment-large size-large\" alt=\"Arzt in OP-Kleidung vor Patientin im OP-Saal liegend\" aria-describedby=\"gallery-1-7910\" srcset=\"https:\/\/diamond-aesthetics.de\/wp-content\/uploads\/2024\/09\/DSC9073-1024x683.jpg 1024w, https:\/\/diamond-aesthetics.de\/wp-content\/uploads\/2024\/09\/DSC9073-300x200.jpg 300w, https:\/\/diamond-aesthetics.de\/wp-content\/uploads\/2024\/09\/DSC9073-768x512.jpg 768w, https:\/\/diamond-aesthetics.de\/wp-content\/uploads\/2024\/09\/DSC9073-1536x1024.jpg 1536w, https:\/\/diamond-aesthetics.de\/wp-content\/uploads\/2024\/09\/DSC9073-2048x1365.jpg 2048w\" sizes=\"(max-width: 800px) 100vw, 800px\" \/><\/a>\n\t\t\t<\/div>\n\t\t\t\t<figcaption class='wp-caption-text gallery-caption' id='gallery-1-7910'>\n\t\t\t\tDr. Dagdelen Klinikinhaber\n\t\t\t\t<\/figcaption><\/figure><figure class='gallery-item'>\n\t\t\t<div class='gallery-icon landscape'>\n\t\t\t\t<a data-elementor-open-lightbox=\"yes\" data-elementor-lightbox-slideshow=\"0794dfe\" data-elementor-lightbox-title=\"_DSC8987\" data-e-action-hash=\"#elementor-action%3Aaction%3Dlightbox%26settings%3DeyJpZCI6NzkxMSwidXJsIjoiaHR0cHM6XC9cL2RpYW1vbmQtYWVzdGhldGljcy5kZVwvd3AtY29udGVudFwvdXBsb2Fkc1wvMjAyNFwvMDlcL0RTQzg5ODctc2NhbGVkLmpwZyIsInNsaWRlc2hvdyI6IjA3OTRkZmUifQ%3D%3D\" href='https:\/\/diamond-aesthetics.de\/wp-content\/uploads\/2024\/09\/DSC8987-scaled.jpg'><img loading=\"lazy\" decoding=\"async\" width=\"800\" height=\"534\" src=\"https:\/\/diamond-aesthetics.de\/wp-content\/uploads\/2024\/09\/DSC8987-1024x683.jpg\" class=\"attachment-large size-large\" alt=\"Moderne Treppe mit Led-Beleuchtung und reflektierender Wandverkleidung\" srcset=\"https:\/\/diamond-aesthetics.de\/wp-content\/uploads\/2024\/09\/DSC8987-1024x683.jpg 1024w, https:\/\/diamond-aesthetics.de\/wp-content\/uploads\/2024\/09\/DSC8987-300x200.jpg 300w, https:\/\/diamond-aesthetics.de\/wp-content\/uploads\/2024\/09\/DSC8987-768x512.jpg 768w, https:\/\/diamond-aesthetics.de\/wp-content\/uploads\/2024\/09\/DSC8987-1536x1024.jpg 1536w, https:\/\/diamond-aesthetics.de\/wp-content\/uploads\/2024\/09\/DSC8987-2048x1365.jpg 2048w\" sizes=\"(max-width: 800px) 100vw, 800px\" \/><\/a>\n\t\t\t<\/div><\/figure><figure class='gallery-item'>\n\t\t\t<div class='gallery-icon landscape'>\n\t\t\t\t<a data-elementor-open-lightbox=\"yes\" data-elementor-lightbox-slideshow=\"0794dfe\" data-elementor-lightbox-title=\"_DSC9015\" data-e-action-hash=\"#elementor-action%3Aaction%3Dlightbox%26settings%3DeyJpZCI6NzkxMiwidXJsIjoiaHR0cHM6XC9cL2RpYW1vbmQtYWVzdGhldGljcy5kZVwvd3AtY29udGVudFwvdXBsb2Fkc1wvMjAyNFwvMDlcL0RTQzkwMTUtc2NhbGVkLmpwZyIsInNsaWRlc2hvdyI6IjA3OTRkZmUifQ%3D%3D\" href='https:\/\/diamond-aesthetics.de\/wp-content\/uploads\/2024\/09\/DSC9015-scaled.jpg'><img loading=\"lazy\" decoding=\"async\" width=\"800\" height=\"534\" src=\"https:\/\/diamond-aesthetics.de\/wp-content\/uploads\/2024\/09\/DSC9015-1024x683.jpg\" class=\"attachment-large size-large\" alt=\"Frau am Empfangstresen begr\u00fc\u00dft zwei Mitarbeiterinnen am Computer\" aria-describedby=\"gallery-1-7912\" srcset=\"https:\/\/diamond-aesthetics.de\/wp-content\/uploads\/2024\/09\/DSC9015-1024x683.jpg 1024w, https:\/\/diamond-aesthetics.de\/wp-content\/uploads\/2024\/09\/DSC9015-300x200.jpg 300w, https:\/\/diamond-aesthetics.de\/wp-content\/uploads\/2024\/09\/DSC9015-768x512.jpg 768w, https:\/\/diamond-aesthetics.de\/wp-content\/uploads\/2024\/09\/DSC9015-1536x1024.jpg 1536w, https:\/\/diamond-aesthetics.de\/wp-content\/uploads\/2024\/09\/DSC9015-2048x1365.jpg 2048w\" sizes=\"(max-width: 800px) 100vw, 800px\" \/><\/a>\n\t\t\t<\/div>\n\t\t\t\t<figcaption class='wp-caption-text gallery-caption' id='gallery-1-7912'>\n\t\t\t\tEmpfangsbereich Diamond Aetshetics Klinik\n\t\t\t\t<\/figcaption><\/figure><figure class='gallery-item'>\n\t\t\t<div class='gallery-icon landscape'>\n\t\t\t\t<a data-elementor-open-lightbox=\"yes\" data-elementor-lightbox-slideshow=\"0794dfe\" data-elementor-lightbox-title=\"Unbenannt (59)\" data-e-action-hash=\"#elementor-action%3Aaction%3Dlightbox%26settings%3DeyJpZCI6NzkxOCwidXJsIjoiaHR0cHM6XC9cL2RpYW1vbmQtYWVzdGhldGljcy5kZVwvd3AtY29udGVudFwvdXBsb2Fkc1wvMjAyNFwvMDlcL1VuYmVuYW5udC01OS5wbmciLCJzbGlkZXNob3ciOiIwNzk0ZGZlIn0%3D\" href='https:\/\/diamond-aesthetics.de\/wp-content\/uploads\/2024\/09\/Unbenannt-59.png'><img loading=\"lazy\" decoding=\"async\" width=\"800\" height=\"533\" src=\"https:\/\/diamond-aesthetics.de\/wp-content\/uploads\/2024\/09\/Unbenannt-59-1024x682.png\" class=\"attachment-large size-large\" alt=\"Nahaufnahme eines geschlossenen Auges und einer Nase im Profil\" srcset=\"https:\/\/diamond-aesthetics.de\/wp-content\/uploads\/2024\/09\/Unbenannt-59-1024x682.png 1024w, https:\/\/diamond-aesthetics.de\/wp-content\/uploads\/2024\/09\/Unbenannt-59-300x200.png 300w, https:\/\/diamond-aesthetics.de\/wp-content\/uploads\/2024\/09\/Unbenannt-59-768x512.png 768w, https:\/\/diamond-aesthetics.de\/wp-content\/uploads\/2024\/09\/Unbenannt-59-1536x1024.png 1536w, https:\/\/diamond-aesthetics.de\/wp-content\/uploads\/2024\/09\/Unbenannt-59.png 2000w\" sizes=\"(max-width: 800px) 100vw, 800px\" \/><\/a>\n\t\t\t<\/div><\/figure><figure class='gallery-item'>\n\t\t\t<div class='gallery-icon landscape'>\n\t\t\t\t<a data-elementor-open-lightbox=\"yes\" data-elementor-lightbox-slideshow=\"0794dfe\" data-elementor-lightbox-title=\"phpThumb_cache_src9a6de18be5e94bdc02ba06736d78969e_par7518b5252569e8b76bd67cfdd51ca707_dat1657195025\" data-e-action-hash=\"#elementor-action%3Aaction%3Dlightbox%26settings%3DeyJpZCI6Nzg5MCwidXJsIjoiaHR0cHM6XC9cL2RpYW1vbmQtYWVzdGhldGljcy5kZVwvd3AtY29udGVudFwvdXBsb2Fkc1wvMjAyNFwvMDlcL3BocFRodW1iX2NhY2hlX3NyYzlhNmRlMThiZTVlOTRiZGMwMmJhMDY3MzZkNzg5NjllX3Bhcjc1MThiNTI1MjU2OWU4Yjc2YmQ2N2NmZGQ1MWNhNzA3X2RhdDE2NTcxOTUwMjUuanBnIiwic2xpZGVzaG93IjoiMDc5NGRmZSJ9\" href='https:\/\/diamond-aesthetics.de\/wp-content\/uploads\/2024\/09\/phpThumb_cache_src9a6de18be5e94bdc02ba06736d78969e_par7518b5252569e8b76bd67cfdd51ca707_dat1657195025.jpg'><img loading=\"lazy\" decoding=\"async\" width=\"800\" height=\"500\" src=\"https:\/\/diamond-aesthetics.de\/wp-content\/uploads\/2024\/09\/phpThumb_cache_src9a6de18be5e94bdc02ba06736d78969e_par7518b5252569e8b76bd67cfdd51ca707_dat1657195025.jpg\" class=\"attachment-large size-large\" alt=\"Frau im Wartebereich sch\u00fcttelt H\u00e4nde mit m\u00e4nnlichem Arzt, weibliche Pflegekraft beobachtet\" srcset=\"https:\/\/diamond-aesthetics.de\/wp-content\/uploads\/2024\/09\/phpThumb_cache_src9a6de18be5e94bdc02ba06736d78969e_par7518b5252569e8b76bd67cfdd51ca707_dat1657195025.jpg 800w, https:\/\/diamond-aesthetics.de\/wp-content\/uploads\/2024\/09\/phpThumb_cache_src9a6de18be5e94bdc02ba06736d78969e_par7518b5252569e8b76bd67cfdd51ca707_dat1657195025-300x188.jpg 300w, https:\/\/diamond-aesthetics.de\/wp-content\/uploads\/2024\/09\/phpThumb_cache_src9a6de18be5e94bdc02ba06736d78969e_par7518b5252569e8b76bd67cfdd51ca707_dat1657195025-768x480.jpg 768w\" sizes=\"(max-width: 800px) 100vw, 800px\" \/><\/a>\n\t\t\t<\/div><\/figure><figure class='gallery-item'>\n\t\t\t<div class='gallery-icon landscape'>\n\t\t\t\t<a data-elementor-open-lightbox=\"yes\" data-elementor-lightbox-slideshow=\"0794dfe\" data-elementor-lightbox-title=\"phpThumb_cache_src7d0eabdb9f6fb6d9931afd29e8a552c8_par7518b5252569e8b76bd67cfdd51ca707_dat1657194831\" data-e-action-hash=\"#elementor-action%3Aaction%3Dlightbox%26settings%3DeyJpZCI6Nzg5MiwidXJsIjoiaHR0cHM6XC9cL2RpYW1vbmQtYWVzdGhldGljcy5kZVwvd3AtY29udGVudFwvdXBsb2Fkc1wvMjAyNFwvMDlcL3BocFRodW1iX2NhY2hlX3NyYzdkMGVhYmRiOWY2ZmI2ZDk5MzFhZmQyOWU4YTU1MmM4X3Bhcjc1MThiNTI1MjU2OWU4Yjc2YmQ2N2NmZGQ1MWNhNzA3X2RhdDE2NTcxOTQ4MzEuanBnIiwic2xpZGVzaG93IjoiMDc5NGRmZSJ9\" href='https:\/\/diamond-aesthetics.de\/wp-content\/uploads\/2024\/09\/phpThumb_cache_src7d0eabdb9f6fb6d9931afd29e8a552c8_par7518b5252569e8b76bd67cfdd51ca707_dat1657194831.jpg'><img loading=\"lazy\" decoding=\"async\" width=\"800\" height=\"500\" src=\"https:\/\/diamond-aesthetics.de\/wp-content\/uploads\/2024\/09\/phpThumb_cache_src7d0eabdb9f6fb6d9931afd29e8a552c8_par7518b5252569e8b76bd67cfdd51ca707_dat1657194831.jpg\" class=\"attachment-large size-large\" alt=\"Arzt und Patientin besprechen Gesichtsbehandlung am Computerbildschirm\" srcset=\"https:\/\/diamond-aesthetics.de\/wp-content\/uploads\/2024\/09\/phpThumb_cache_src7d0eabdb9f6fb6d9931afd29e8a552c8_par7518b5252569e8b76bd67cfdd51ca707_dat1657194831.jpg 800w, https:\/\/diamond-aesthetics.de\/wp-content\/uploads\/2024\/09\/phpThumb_cache_src7d0eabdb9f6fb6d9931afd29e8a552c8_par7518b5252569e8b76bd67cfdd51ca707_dat1657194831-300x188.jpg 300w, https:\/\/diamond-aesthetics.de\/wp-content\/uploads\/2024\/09\/phpThumb_cache_src7d0eabdb9f6fb6d9931afd29e8a552c8_par7518b5252569e8b76bd67cfdd51ca707_dat1657194831-768x480.jpg 768w\" sizes=\"(max-width: 800px) 100vw, 800px\" \/><\/a>\n\t\t\t<\/div><\/figure>\n\t\t<\/div>\n\t\t<\/div>\n\t\t\t\t<\/div>\n\t\t\t\t<\/div>\n\t\t\t\t\t<\/div>\n\t\t\t\t<\/div>\n\t\t\t\t<\/div>\n\t\t","protected":false},"excerpt":{"rendered":"<p>Our beauty clinic Diamond-Aesthetics Clinic D\u00fcsseldorf Dr. Dagdelen Klinikinhaber Empfangsbereich Diamond Aetshetics Klinik<\/p>\n","protected":false},"author":1,"featured_media":0,"parent":0,"menu_order":0,"comment_status":"closed","ping_status":"closed","template":"","meta":{"footnotes":""},"class_list":["post-7943","page","type-page","status-publish","hentry"],"_links":{"self":[{"href":"https:\/\/diamond-aesthetics.de\/en\/wp-json\/wp\/v2\/pages\/7943","targetHints":{"allow":["GET"]}}],"collection":[{"href":"https:\/\/diamond-aesthetics.de\/en\/wp-json\/wp\/v2\/pages"}],"about":[{"href":"https:\/\/diamond-aesthetics.de\/en\/wp-json\/wp\/v2\/types\/page"}],"author":[{"embeddable":true,"href":"https:\/\/diamond-aesthetics.de\/en\/wp-json\/wp\/v2\/users\/1"}],"replies":[{"embeddable":true,"href":"https:\/\/diamond-aesthetics.de\/en\/wp-json\/wp\/v2\/comments?post=7943"}],"version-history":[{"count":1,"href":"https:\/\/diamond-aesthetics.de\/en\/wp-json\/wp\/v2\/pages\/7943\/revisions"}],"predecessor-version":[{"id":7945,"href":"https:\/\/diamond-aesthetics.de\/en\/wp-json\/wp\/v2\/pages\/7943\/revisions\/7945"}],"wp:attachment":[{"href":"https:\/\/diamond-aesthetics.de\/en\/wp-json\/wp\/v2\/media?parent=7943"}],"curies":[{"name":"wp","href":"https:\/\/api.w.org\/{rel}","templated":true}]}}