{"id":8101,"date":"2024-09-02T16:18:35","date_gmt":"2024-09-02T16:18:35","guid":{"rendered":"https:\/\/diamond-aesthetics.de\/financing\/"},"modified":"2024-12-16T16:06:57","modified_gmt":"2024-12-16T16:06:57","slug":"financing","status":"publish","type":"page","link":"https:\/\/diamond-aesthetics.de\/en\/financing\/","title":{"rendered":"Financing"},"content":{"rendered":"\t\t<div data-elementor-type=\"wp-page\" data-elementor-id=\"8101\" class=\"elementor elementor-8101 elementor-2225\" data-elementor-post-type=\"page\">\n\t\t\t\t\t\t<section class=\"elementor-section elementor-top-section elementor-element elementor-element-408d1bc5 home-hero elementor-section-boxed elementor-section-height-default elementor-section-height-default\" data-id=\"408d1bc5\" data-element_type=\"section\" data-settings=\"{&quot;background_background&quot;:&quot;classic&quot;}\">\n\t\t\t\t\t\t<div class=\"elementor-container elementor-column-gap-default\">\n\t\t\t\t\t<div class=\"elementor-column elementor-col-100 elementor-top-column elementor-element elementor-element-4044ed85\" data-id=\"4044ed85\" data-element_type=\"column\">\n\t\t\t<div class=\"elementor-widget-wrap elementor-element-populated\">\n\t\t\t\t\t\t<section class=\"elementor-section elementor-inner-section elementor-element elementor-element-19d09285 elementor-section-content-middle elementor-section-boxed elementor-section-height-default elementor-section-height-default\" data-id=\"19d09285\" data-element_type=\"section\">\n\t\t\t\t\t\t<div class=\"elementor-container elementor-column-gap-default\">\n\t\t\t\t\t<div class=\"elementor-column elementor-col-100 elementor-inner-column elementor-element elementor-element-2494072f\" data-id=\"2494072f\" data-element_type=\"column\">\n\t\t\t<div class=\"elementor-widget-wrap elementor-element-populated\">\n\t\t\t\t\t\t<div class=\"elementor-element elementor-element-9b6f5ab elementor-widget__width-initial elementor-widget elementor-widget-heading\" data-id=\"9b6f5ab\" data-element_type=\"widget\" data-widget_type=\"heading.default\">\n\t\t\t\t<div class=\"elementor-widget-container\">\n\t\t\t<style>\/*! elementor - v3.23.0 - 25-07-2024 *\/\n.elementor-heading-title{padding:0;margin:0;line-height:1}.elementor-widget-heading .elementor-heading-title[class*=elementor-size-]>a{color:inherit;font-size:inherit;line-height:inherit}.elementor-widget-heading .elementor-heading-title.elementor-size-small{font-size:15px}.elementor-widget-heading .elementor-heading-title.elementor-size-medium{font-size:19px}.elementor-widget-heading .elementor-heading-title.elementor-size-large{font-size:29px}.elementor-widget-heading .elementor-heading-title.elementor-size-xl{font-size:39px}.elementor-widget-heading .elementor-heading-title.elementor-size-xxl{font-size:59px}<\/style><h1 class=\"elementor-heading-title elementor-size-default\">Financing at Diamond Aesthetics D\u00fcsseldorf  <\/h1>\t\t<\/div>\n\t\t\t\t<\/div>\n\t\t\t\t\t<\/div>\n\t\t<\/div>\n\t\t\t\t\t<\/div>\n\t\t<\/section>\n\t\t\t\t\t<\/div>\n\t\t<\/div>\n\t\t\t\t\t<\/div>\n\t\t<\/section>\n\t\t\t\t<section class=\"elementor-section elementor-top-section elementor-element elementor-element-5cc858c8 elementor-section-full_width home-1 elementor-section-height-default elementor-section-height-default\" data-id=\"5cc858c8\" data-element_type=\"section\">\n\t\t\t\t\t\t<div class=\"elementor-container elementor-column-gap-default\">\n\t\t\t\t\t<div class=\"elementor-column elementor-col-100 elementor-top-column elementor-element elementor-element-72c28807\" data-id=\"72c28807\" data-element_type=\"column\">\n\t\t\t<div class=\"elementor-widget-wrap elementor-element-populated\">\n\t\t\t\t\t\t<div class=\"elementor-element elementor-element-85d752d elementor-widget elementor-widget-image\" data-id=\"85d752d\" data-element_type=\"widget\" data-widget_type=\"image.default\">\n\t\t\t\t<div class=\"elementor-widget-container\">\n\t\t\t<style>\/*! elementor - v3.23.0 - 25-07-2024 *\/\n.elementor-widget-image{text-align:center}.elementor-widget-image a{display:inline-block}.elementor-widget-image a img[src$=\".svg\"]{width:48px}.elementor-widget-image img{vertical-align:middle;display:inline-block}<\/style>\t\t\t\t\t\t\t\t\t\t<img fetchpriority=\"high\" decoding=\"async\" width=\"3840\" height=\"828\" src=\"https:\/\/diamond-aesthetics.de\/wp-content\/uploads\/2024\/08\/Vector-below-hero-sub-page.png\" class=\"attachment-full size-full wp-image-7666\" alt=\"Schwarze Linie oben auf wei\u00dfem Hintergrund\" srcset=\"https:\/\/diamond-aesthetics.de\/wp-content\/uploads\/2024\/08\/Vector-below-hero-sub-page.png 3840w, https:\/\/diamond-aesthetics.de\/wp-content\/uploads\/2024\/08\/Vector-below-hero-sub-page-300x65.png 300w, https:\/\/diamond-aesthetics.de\/wp-content\/uploads\/2024\/08\/Vector-below-hero-sub-page-1024x221.png 1024w, https:\/\/diamond-aesthetics.de\/wp-content\/uploads\/2024\/08\/Vector-below-hero-sub-page-768x166.png 768w, https:\/\/diamond-aesthetics.de\/wp-content\/uploads\/2024\/08\/Vector-below-hero-sub-page-1536x331.png 1536w, https:\/\/diamond-aesthetics.de\/wp-content\/uploads\/2024\/08\/Vector-below-hero-sub-page-2048x442.png 2048w\" sizes=\"(max-width: 3840px) 100vw, 3840px\" \/>\t\t\t\t\t\t\t\t\t\t\t\t\t<\/div>\n\t\t\t\t<\/div>\n\t\t\t\t\t<\/div>\n\t\t<\/div>\n\t\t\t\t\t<\/div>\n\t\t<\/section>\n\t\t\t\t<section class=\"elementor-section elementor-top-section elementor-element elementor-element-66425ff9 home-2 elementor-section-boxed elementor-section-height-default elementor-section-height-default\" data-id=\"66425ff9\" data-element_type=\"section\">\n\t\t\t\t\t\t<div class=\"elementor-container elementor-column-gap-default\">\n\t\t\t\t\t<div class=\"elementor-column elementor-col-100 elementor-top-column elementor-element elementor-element-5e097cbc\" data-id=\"5e097cbc\" data-element_type=\"column\">\n\t\t\t<div class=\"elementor-widget-wrap elementor-element-populated\">\n\t\t\t\t\t\t<div class=\"elementor-element elementor-element-3968d3e5 elementor-position-left elementor-vertical-align-middle elementor-view-default elementor-mobile-position-top elementor-widget elementor-widget-icon-box\" data-id=\"3968d3e5\" data-element_type=\"widget\" data-widget_type=\"icon-box.default\">\n\t\t\t\t<div class=\"elementor-widget-container\">\n\t\t\t<link rel=\"stylesheet\" href=\"https:\/\/diamond-aesthetics.de\/wp-content\/uploads\/elementor\/css\/custom-widget-icon-box.min.css?ver=1776408616\">\t\t<div class=\"elementor-icon-box-wrapper\">\n\n\t\t\t\t\t\t<div class=\"elementor-icon-box-icon\">\n\t\t\t\t<span  class=\"elementor-icon elementor-animation-\">\n\t\t\t\t<svg aria-hidden=\"true\" class=\"e-font-icon-svg e-fas-circle\" viewBox=\"0 0 512 512\" xmlns=\"http:\/\/www.w3.org\/2000\/svg\"><path d=\"M256 8C119 8 8 119 8 256s111 248 248 248 248-111 248-248S393 8 256 8z\"><\/path><\/svg>\t\t\t\t<\/span>\n\t\t\t<\/div>\n\t\t\t\n\t\t\t\t\t\t<div class=\"elementor-icon-box-content\">\n\n\t\t\t\t\t\t\t\t\t<h1 class=\"elementor-icon-box-title\">\n\t\t\t\t\t\t<span  >\n\t\t\t\t\t\t\tFINANCING  \t\t\t\t\t\t<\/span>\n\t\t\t\t\t<\/h1>\n\t\t\t\t\n\t\t\t\t\t\t\t\t\t<p class=\"elementor-icon-box-description\">\n\t\t\t\t\t\tFinancing options for your operation\t\t\t\t\t<\/p>\n\t\t\t\t\n\t\t\t<\/div>\n\t\t\t\n\t\t<\/div>\n\t\t\t\t<\/div>\n\t\t\t\t<\/div>\n\t\t\t\t<section class=\"elementor-section elementor-inner-section elementor-element elementor-element-e8ac78b elementor-section-boxed elementor-section-height-default elementor-section-height-default\" data-id=\"e8ac78b\" data-element_type=\"section\">\n\t\t\t\t\t\t<div class=\"elementor-container elementor-column-gap-default\">\n\t\t\t\t\t<div class=\"elementor-column elementor-col-50 elementor-inner-column elementor-element elementor-element-36c706c\" data-id=\"36c706c\" data-element_type=\"column\">\n\t\t\t<div class=\"elementor-widget-wrap elementor-element-populated\">\n\t\t\t\t\t\t<div class=\"elementor-element elementor-element-ca07162 eael-infobox-icon-bg-shape-none eael-infobox-icon-hover-bg-shape-none elementor-widget elementor-widget-eael-info-box\" data-id=\"ca07162\" data-element_type=\"widget\" data-widget_type=\"eael-info-box.default\">\n\t\t\t\t<div class=\"elementor-widget-container\">\n\t\t\t        <div class=\"eael-infobox icon-on-left\">\n\t            <div class=\"infobox-icon\">\n\n            \n            \n                            <div class=\"infobox-icon-wrap\">\n                    <span class=\"infobox-icon-number\"><\/span>\n                <\/div>\n            \n        <\/div>\n            <div class=\"infobox-content\">\n        <div><div class=\"col large-7\">\n<div class=\"area\">\n<div class=\"row\">\n<div class=\"col large-10 giant-9\">\n<div class=\"col giant-6\">\n<p>If you cannot afford the costs of your desired treatment or operation immediately, this is no obstacle to your plans with us. Our partners for financing offers enable you to pay off the treatment costs easily, conveniently and at a low interest rate in monthly installments of your choice. <\/p>\n<p><strong>Costs and installment payments<\/strong><br \/>The costs for plastic and aesthetic treatment or surgery are just as individual as the procedure itself. The treatment costs depend on the type and extent of the procedure, the technique and the materials used. <\/p>\n<\/div>\n<\/div>\n<\/div>\n<\/div>\n<\/div>\n<\/div>        <\/div>\n            <\/div>\n\n\t\t\t\t<\/div>\n\t\t\t\t<\/div>\n\t\t\t\t\t<\/div>\n\t\t<\/div>\n\t\t\t\t<div class=\"elementor-column elementor-col-50 elementor-inner-column elementor-element elementor-element-a947b2a\" data-id=\"a947b2a\" data-element_type=\"column\">\n\t\t\t<div class=\"elementor-widget-wrap elementor-element-populated\">\n\t\t\t\t\t\t<div class=\"elementor-element elementor-element-4e0a3a5 eael-infobox-icon-bg-shape-none eael-infobox-icon-hover-bg-shape-none elementor-widget elementor-widget-eael-info-box\" data-id=\"4e0a3a5\" data-element_type=\"widget\" data-widget_type=\"eael-info-box.default\">\n\t\t\t\t<div class=\"elementor-widget-container\">\n\t\t\t        <div class=\"eael-infobox icon-on-left\">\n\t            <div class=\"infobox-icon\">\n\n            \n            \n                            <div class=\"infobox-icon-wrap\">\n                    <span class=\"infobox-icon-number\"><\/span>\n                <\/div>\n            \n        <\/div>\n            <div class=\"infobox-content\">\n        <div><div class=\"col large-7\">\n<div class=\"area\">\n<div class=\"row\">\n<div class=\"col large-10 giant-9\">\n<p><strong>How does the financing work?<\/strong><br \/>After the consultation in our clinic, we will provide you with a cost estimate. We will then provide you with information brochures and loan application forms from the cooperating credit institutions on request. After checking your request, you will receive an answer within a few days. The loan application is non-binding and does not oblige you to make any payments. Once the loan has been approved, nothing stands in the way of your treatment.    <\/p>\n<p>For more information on financing options, please contact us directly at the DiaMonD Aesthetics clinic. Speak to our assistants or contact us on 0211\/4302-0 . <\/p>\n<\/div>\n<\/div>\n<\/div>\n<\/div>\n<\/div>        <\/div>\n            <\/div>\n\n\t\t\t\t<\/div>\n\t\t\t\t<\/div>\n\t\t\t\t\t<\/div>\n\t\t<\/div>\n\t\t\t\t\t<\/div>\n\t\t<\/section>\n\t\t\t\t\t<\/div>\n\t\t<\/div>\n\t\t\t\t\t<\/div>\n\t\t<\/section>\n\t\t\t\t<section class=\"elementor-section elementor-top-section elementor-element elementor-element-b2f8f6a home-2 elementor-section-boxed elementor-section-height-default elementor-section-height-default\" data-id=\"b2f8f6a\" data-element_type=\"section\" data-settings=\"{&quot;background_background&quot;:&quot;classic&quot;}\">\n\t\t\t\t\t\t<div class=\"elementor-container elementor-column-gap-default\">\n\t\t\t\t\t<div class=\"elementor-column elementor-col-100 elementor-top-column elementor-element elementor-element-0fd8c05\" data-id=\"0fd8c05\" data-element_type=\"column\">\n\t\t\t<div class=\"elementor-widget-wrap elementor-element-populated\">\n\t\t\t\t\t\t<section class=\"elementor-section elementor-inner-section elementor-element elementor-element-de6b1e7 elementor-section-boxed elementor-section-height-default elementor-section-height-default\" data-id=\"de6b1e7\" data-element_type=\"section\">\n\t\t\t\t\t\t<div class=\"elementor-container elementor-column-gap-default\">\n\t\t\t\t\t<div class=\"elementor-column elementor-col-100 elementor-inner-column elementor-element elementor-element-accfce7\" data-id=\"accfce7\" data-element_type=\"column\">\n\t\t\t<div class=\"elementor-widget-wrap elementor-element-populated\">\n\t\t\t\t\t\t<div class=\"elementor-element elementor-element-d6e2cb4 gallery-spacing-custom elementor-widget elementor-widget-image-gallery\" data-id=\"d6e2cb4\" data-element_type=\"widget\" data-widget_type=\"image-gallery.default\">\n\t\t\t\t<div class=\"elementor-widget-container\">\n\t\t\t<style>.elementor-image-gallery .gallery-item{display:inline-block;text-align:center;vertical-align:top;width:100%;max-width:100%;margin:0 auto}.elementor-image-gallery .gallery-item img{margin:0 auto}.elementor-image-gallery .gallery-item .gallery-caption{margin:0}.elementor-image-gallery figure img{display:block}.elementor-image-gallery figure figcaption{width:100%}.gallery-spacing-custom .elementor-image-gallery .gallery-icon{padding:0}@media (min-width:801px){.elementor-image-gallery .gallery-columns-2 .gallery-item{max-width:50%}.elementor-image-gallery .gallery-columns-3 .gallery-item{max-width:33.33%}.elementor-image-gallery .gallery-columns-4 .gallery-item{max-width:25%}.elementor-image-gallery .gallery-columns-5 .gallery-item{max-width:20%}.elementor-image-gallery .gallery-columns-6 .gallery-item{max-width:16.666%}.elementor-image-gallery .gallery-columns-7 .gallery-item{max-width:14.28%}.elementor-image-gallery .gallery-columns-8 .gallery-item{max-width:12.5%}.elementor-image-gallery .gallery-columns-9 .gallery-item{max-width:11.11%}.elementor-image-gallery .gallery-columns-10 .gallery-item{max-width:10%}}@media (min-width:480px) and (max-width:800px){.elementor-image-gallery .gallery.gallery-columns-2 .gallery-item,.elementor-image-gallery .gallery.gallery-columns-3 .gallery-item,.elementor-image-gallery .gallery.gallery-columns-4 .gallery-item,.elementor-image-gallery .gallery.gallery-columns-5 .gallery-item,.elementor-image-gallery .gallery.gallery-columns-6 .gallery-item,.elementor-image-gallery .gallery.gallery-columns-7 .gallery-item,.elementor-image-gallery .gallery.gallery-columns-8 .gallery-item,.elementor-image-gallery .gallery.gallery-columns-9 .gallery-item,.elementor-image-gallery .gallery.gallery-columns-10 .gallery-item{max-width:50%}}@media (max-width:479px){.elementor-image-gallery .gallery.gallery-columns-2 .gallery-item,.elementor-image-gallery .gallery.gallery-columns-3 .gallery-item,.elementor-image-gallery .gallery.gallery-columns-4 .gallery-item,.elementor-image-gallery .gallery.gallery-columns-5 .gallery-item,.elementor-image-gallery .gallery.gallery-columns-6 .gallery-item,.elementor-image-gallery .gallery.gallery-columns-7 .gallery-item,.elementor-image-gallery .gallery.gallery-columns-8 .gallery-item,.elementor-image-gallery .gallery.gallery-columns-9 .gallery-item,.elementor-image-gallery .gallery.gallery-columns-10 .gallery-item{max-width:100%}}<\/style>\t\t<div class=\"elementor-image-gallery\">\n\t\t\t<div id='gallery-1' class='gallery galleryid-8101 gallery-columns-3 gallery-size-large'><figure class='gallery-item'>\n\t\t\t<div class='gallery-icon landscape'>\n\t\t\t\t<a data-elementor-open-lightbox=\"yes\" data-elementor-lightbox-slideshow=\"d6e2cb4\" data-elementor-lightbox-title=\"_DSC9073\" data-e-action-hash=\"#elementor-action%3Aaction%3Dlightbox%26settings%3DeyJpZCI6NzkxMCwidXJsIjoiaHR0cHM6XC9cL2RpYW1vbmQtYWVzdGhldGljcy5kZVwvd3AtY29udGVudFwvdXBsb2Fkc1wvMjAyNFwvMDlcL0RTQzkwNzMtc2NhbGVkLmpwZyIsInNsaWRlc2hvdyI6ImQ2ZTJjYjQifQ%3D%3D\" href='https:\/\/diamond-aesthetics.de\/wp-content\/uploads\/2024\/09\/DSC9073-scaled.jpg'><img decoding=\"async\" width=\"800\" height=\"534\" src=\"https:\/\/diamond-aesthetics.de\/wp-content\/uploads\/2024\/09\/DSC9073-1024x683.jpg\" class=\"attachment-large size-large\" alt=\"Arzt in OP-Kleidung vor Patientin im OP-Saal liegend\" aria-describedby=\"gallery-1-7910\" srcset=\"https:\/\/diamond-aesthetics.de\/wp-content\/uploads\/2024\/09\/DSC9073-1024x683.jpg 1024w, https:\/\/diamond-aesthetics.de\/wp-content\/uploads\/2024\/09\/DSC9073-300x200.jpg 300w, https:\/\/diamond-aesthetics.de\/wp-content\/uploads\/2024\/09\/DSC9073-768x512.jpg 768w, https:\/\/diamond-aesthetics.de\/wp-content\/uploads\/2024\/09\/DSC9073-1536x1024.jpg 1536w, https:\/\/diamond-aesthetics.de\/wp-content\/uploads\/2024\/09\/DSC9073-2048x1365.jpg 2048w\" sizes=\"(max-width: 800px) 100vw, 800px\" \/><\/a>\n\t\t\t<\/div>\n\t\t\t\t<figcaption class='wp-caption-text gallery-caption' id='gallery-1-7910'>\n\t\t\t\tDr. Dagdelen Klinikinhaber\n\t\t\t\t<\/figcaption><\/figure><figure class='gallery-item'>\n\t\t\t<div class='gallery-icon landscape'>\n\t\t\t\t<a data-elementor-open-lightbox=\"yes\" data-elementor-lightbox-slideshow=\"d6e2cb4\" data-elementor-lightbox-title=\"phpThumb_cache_src2a49041787ca82cb5d37ac737b9aae75_par0b3d73f82c7b7a8b64fc62a48e8ba0e2_dat1590410470\" data-e-action-hash=\"#elementor-action%3Aaction%3Dlightbox%26settings%3DeyJpZCI6Nzc3MCwidXJsIjoiaHR0cHM6XC9cL2RpYW1vbmQtYWVzdGhldGljcy5kZVwvd3AtY29udGVudFwvdXBsb2Fkc1wvMjAyNFwvMDlcL3BocFRodW1iX2NhY2hlX3NyYzJhNDkwNDE3ODdjYTgyY2I1ZDM3YWM3MzdiOWFhZTc1X3BhcjBiM2Q3M2Y4MmM3YjdhOGI2NGZjNjJhNDhlOGJhMGUyX2RhdDE1OTA0MTA0NzAuanBnIiwic2xpZGVzaG93IjoiZDZlMmNiNCJ9\" href='https:\/\/diamond-aesthetics.de\/wp-content\/uploads\/2024\/09\/phpThumb_cache_src2a49041787ca82cb5d37ac737b9aae75_par0b3d73f82c7b7a8b64fc62a48e8ba0e2_dat1590410470.jpg'><img decoding=\"async\" width=\"800\" height=\"533\" src=\"https:\/\/diamond-aesthetics.de\/wp-content\/uploads\/2024\/09\/phpThumb_cache_src2a49041787ca82cb5d37ac737b9aae75_par0b3d73f82c7b7a8b64fc62a48e8ba0e2_dat1590410470.jpg\" class=\"attachment-large size-large\" alt=\"Heller Warteraum mit zwei Sesseln, Holzboden und Regalen\" aria-describedby=\"gallery-1-7770\" srcset=\"https:\/\/diamond-aesthetics.de\/wp-content\/uploads\/2024\/09\/phpThumb_cache_src2a49041787ca82cb5d37ac737b9aae75_par0b3d73f82c7b7a8b64fc62a48e8ba0e2_dat1590410470.jpg 800w, https:\/\/diamond-aesthetics.de\/wp-content\/uploads\/2024\/09\/phpThumb_cache_src2a49041787ca82cb5d37ac737b9aae75_par0b3d73f82c7b7a8b64fc62a48e8ba0e2_dat1590410470-300x200.jpg 300w, https:\/\/diamond-aesthetics.de\/wp-content\/uploads\/2024\/09\/phpThumb_cache_src2a49041787ca82cb5d37ac737b9aae75_par0b3d73f82c7b7a8b64fc62a48e8ba0e2_dat1590410470-768x512.jpg 768w\" sizes=\"(max-width: 800px) 100vw, 800px\" \/><\/a>\n\t\t\t<\/div>\n\t\t\t\t<figcaption class='wp-caption-text gallery-caption' id='gallery-1-7770'>\n\t\t\t\tDas Wartezimmer der Praxis Diamond Aesthetics\n\t\t\t\t<\/figcaption><\/figure><figure class='gallery-item'>\n\t\t\t<div class='gallery-icon landscape'>\n\t\t\t\t<a data-elementor-open-lightbox=\"yes\" data-elementor-lightbox-slideshow=\"d6e2cb4\" data-elementor-lightbox-title=\"Gr\u00fcbchen OP D\u00fcsseldorf\" data-e-action-hash=\"#elementor-action%3Aaction%3Dlightbox%26settings%3DeyJpZCI6Nzc3MSwidXJsIjoiaHR0cHM6XC9cL2RpYW1vbmQtYWVzdGhldGljcy5kZVwvd3AtY29udGVudFwvdXBsb2Fkc1wvMjAyNFwvMDlcL3BocFRodW1iX2NhY2hlX3NyYzBlMzE0NWFhYTE2OTU2ZmVhNmI0NDZlMjUxYTkxY2QyX3BhcjBiM2Q3M2Y4MmM3YjdhOGI2NGZjNjJhNDhlOGJhMGUyX2RhdDE1OTA0MTA0NzAuanBnIiwic2xpZGVzaG93IjoiZDZlMmNiNCJ9\" href='https:\/\/diamond-aesthetics.de\/wp-content\/uploads\/2024\/09\/phpThumb_cache_src0e3145aaa16956fea6b446e251a91cd2_par0b3d73f82c7b7a8b64fc62a48e8ba0e2_dat1590410470.jpg'><img loading=\"lazy\" decoding=\"async\" width=\"800\" height=\"533\" src=\"https:\/\/diamond-aesthetics.de\/wp-content\/uploads\/2024\/09\/phpThumb_cache_src0e3145aaa16956fea6b446e251a91cd2_par0b3d73f82c7b7a8b64fc62a48e8ba0e2_dat1590410470.jpg\" class=\"attachment-large size-large\" alt=\"Wartezimmer mit wei\u00dfen St\u00fchlen, Holzboden und gro\u00dfem Fenster\" aria-describedby=\"gallery-1-7771\" srcset=\"https:\/\/diamond-aesthetics.de\/wp-content\/uploads\/2024\/09\/phpThumb_cache_src0e3145aaa16956fea6b446e251a91cd2_par0b3d73f82c7b7a8b64fc62a48e8ba0e2_dat1590410470.jpg 800w, https:\/\/diamond-aesthetics.de\/wp-content\/uploads\/2024\/09\/phpThumb_cache_src0e3145aaa16956fea6b446e251a91cd2_par0b3d73f82c7b7a8b64fc62a48e8ba0e2_dat1590410470-300x200.jpg 300w, https:\/\/diamond-aesthetics.de\/wp-content\/uploads\/2024\/09\/phpThumb_cache_src0e3145aaa16956fea6b446e251a91cd2_par0b3d73f82c7b7a8b64fc62a48e8ba0e2_dat1590410470-768x512.jpg 768w\" sizes=\"(max-width: 800px) 100vw, 800px\" \/><\/a>\n\t\t\t<\/div>\n\t\t\t\t<figcaption class='wp-caption-text gallery-caption' id='gallery-1-7771'>\n\t\t\t\tLassen Sie sich pers\u00f6nlich von uns beraten &#8211; Praxis Diamond Aesthetics\n\t\t\t\t<\/figcaption><\/figure><figure class='gallery-item'>\n\t\t\t<div class='gallery-icon landscape'>\n\t\t\t\t<a data-elementor-open-lightbox=\"yes\" data-elementor-lightbox-slideshow=\"d6e2cb4\" data-elementor-lightbox-title=\"phpThumb_cache_src7bfcfe09557a3ff9ac0653304cb69709_par8863bd77b89bd9e41c13f9292448448c_dat1590410470\" data-e-action-hash=\"#elementor-action%3Aaction%3Dlightbox%26settings%3DeyJpZCI6Nzc3MiwidXJsIjoiaHR0cHM6XC9cL2RpYW1vbmQtYWVzdGhldGljcy5kZVwvd3AtY29udGVudFwvdXBsb2Fkc1wvMjAyNFwvMDlcL3BocFRodW1iX2NhY2hlX3NyYzdiZmNmZTA5NTU3YTNmZjlhYzA2NTMzMDRjYjY5NzA5X3Bhcjg4NjNiZDc3Yjg5YmQ5ZTQxYzEzZjkyOTI0NDg0NDhjX2RhdDE1OTA0MTA0NzAuanBnIiwic2xpZGVzaG93IjoiZDZlMmNiNCJ9\" href='https:\/\/diamond-aesthetics.de\/wp-content\/uploads\/2024\/09\/phpThumb_cache_src7bfcfe09557a3ff9ac0653304cb69709_par8863bd77b89bd9e41c13f9292448448c_dat1590410470.jpg'><img loading=\"lazy\" decoding=\"async\" width=\"800\" height=\"534\" src=\"https:\/\/diamond-aesthetics.de\/wp-content\/uploads\/2024\/09\/phpThumb_cache_src7bfcfe09557a3ff9ac0653304cb69709_par8863bd77b89bd9e41c13f9292448448c_dat1590410470.jpg\" class=\"attachment-large size-large\" alt=\"Heller Behandlungsraum mit Liege, Schrank und Diamant-Bild\" aria-describedby=\"gallery-1-7772\" srcset=\"https:\/\/diamond-aesthetics.de\/wp-content\/uploads\/2024\/09\/phpThumb_cache_src7bfcfe09557a3ff9ac0653304cb69709_par8863bd77b89bd9e41c13f9292448448c_dat1590410470.jpg 800w, https:\/\/diamond-aesthetics.de\/wp-content\/uploads\/2024\/09\/phpThumb_cache_src7bfcfe09557a3ff9ac0653304cb69709_par8863bd77b89bd9e41c13f9292448448c_dat1590410470-300x200.jpg 300w, https:\/\/diamond-aesthetics.de\/wp-content\/uploads\/2024\/09\/phpThumb_cache_src7bfcfe09557a3ff9ac0653304cb69709_par8863bd77b89bd9e41c13f9292448448c_dat1590410470-768x513.jpg 768w\" sizes=\"(max-width: 800px) 100vw, 800px\" \/><\/a>\n\t\t\t<\/div>\n\t\t\t\t<figcaption class='wp-caption-text gallery-caption' id='gallery-1-7772'>\n\t\t\t\tBehandlungsraum der Praxis Diamond Aesthetics\n\t\t\t\t<\/figcaption><\/figure><figure class='gallery-item'>\n\t\t\t<div class='gallery-icon landscape'>\n\t\t\t\t<a data-elementor-open-lightbox=\"yes\" data-elementor-lightbox-slideshow=\"d6e2cb4\" data-elementor-lightbox-title=\"40075932-beratungsgespraeche\" data-e-action-hash=\"#elementor-action%3Aaction%3Dlightbox%26settings%3DeyJpZCI6Nzc3MywidXJsIjoiaHR0cHM6XC9cL2RpYW1vbmQtYWVzdGhldGljcy5kZVwvd3AtY29udGVudFwvdXBsb2Fkc1wvMjAyNFwvMDlcLzQwMDc1OTMyLWJlcmF0dW5nc2dlc3ByYWVjaGUuanBnIiwic2xpZGVzaG93IjoiZDZlMmNiNCJ9\" href='https:\/\/diamond-aesthetics.de\/wp-content\/uploads\/2024\/09\/40075932-beratungsgespraeche.jpg'><img loading=\"lazy\" decoding=\"async\" width=\"800\" height=\"500\" src=\"https:\/\/diamond-aesthetics.de\/wp-content\/uploads\/2024\/09\/40075932-beratungsgespraeche.jpg\" class=\"attachment-large size-large\" alt=\"Patientin begr\u00fc\u00dft Arzt, Krankenschwester notiert im Hintergrund\" aria-describedby=\"gallery-1-7773\" srcset=\"https:\/\/diamond-aesthetics.de\/wp-content\/uploads\/2024\/09\/40075932-beratungsgespraeche.jpg 800w, https:\/\/diamond-aesthetics.de\/wp-content\/uploads\/2024\/09\/40075932-beratungsgespraeche-300x188.jpg 300w, https:\/\/diamond-aesthetics.de\/wp-content\/uploads\/2024\/09\/40075932-beratungsgespraeche-768x480.jpg 768w\" sizes=\"(max-width: 800px) 100vw, 800px\" \/><\/a>\n\t\t\t<\/div>\n\t\t\t\t<figcaption class='wp-caption-text gallery-caption' id='gallery-1-7773'>\n\t\t\t\tKundenbegr\u00fc\u00dfung bei Diamond Aesthetics Klinik\n\t\t\t\t<\/figcaption><\/figure>\n\t\t<\/div>\n\t\t<\/div>\n\t\t\t\t<\/div>\n\t\t\t\t<\/div>\n\t\t\t\t\t<\/div>\n\t\t<\/div>\n\t\t\t\t\t<\/div>\n\t\t<\/section>\n\t\t\t\t\t<\/div>\n\t\t<\/div>\n\t\t\t\t\t<\/div>\n\t\t<\/section>\n\t\t\t\t<\/div>\n\t\t","protected":false},"excerpt":{"rendered":"<p>Financing at Diamond Aesthetics D\u00fcsseldorf FINANCING Financing options for your operation If you cannot afford the costs of your desired treatment or operation immediately, this is no obstacle to your plans with us. Our partners for financing offers enable you to pay off the treatment costs easily, conveniently and at a low interest rate in [&hellip;]<\/p>\n","protected":false},"author":1,"featured_media":0,"parent":0,"menu_order":0,"comment_status":"closed","ping_status":"closed","template":"","meta":{"footnotes":""},"class_list":["post-8101","page","type-page","status-publish","hentry"],"_links":{"self":[{"href":"https:\/\/diamond-aesthetics.de\/en\/wp-json\/wp\/v2\/pages\/8101","targetHints":{"allow":["GET"]}}],"collection":[{"href":"https:\/\/diamond-aesthetics.de\/en\/wp-json\/wp\/v2\/pages"}],"about":[{"href":"https:\/\/diamond-aesthetics.de\/en\/wp-json\/wp\/v2\/types\/page"}],"author":[{"embeddable":true,"href":"https:\/\/diamond-aesthetics.de\/en\/wp-json\/wp\/v2\/users\/1"}],"replies":[{"embeddable":true,"href":"https:\/\/diamond-aesthetics.de\/en\/wp-json\/wp\/v2\/comments?post=8101"}],"version-history":[{"count":5,"href":"https:\/\/diamond-aesthetics.de\/en\/wp-json\/wp\/v2\/pages\/8101\/revisions"}],"predecessor-version":[{"id":8127,"href":"https:\/\/diamond-aesthetics.de\/en\/wp-json\/wp\/v2\/pages\/8101\/revisions\/8127"}],"wp:attachment":[{"href":"https:\/\/diamond-aesthetics.de\/en\/wp-json\/wp\/v2\/media?parent=8101"}],"curies":[{"name":"wp","href":"https:\/\/api.w.org\/{rel}","templated":true}]}}